{"id":1420,"date":"2019-06-19T09:31:11","date_gmt":"2019-06-19T08:31:11","guid":{"rendered":"https:\/\/leonandfriends.org\/?page_id=1420"},"modified":"2023-03-01T10:46:33","modified_gmt":"2023-03-01T09:46:33","slug":"impressum","status":"publish","type":"page","link":"https:\/\/leonandfriends.org\/en\/impressum\/","title":{"rendered":"Impressum"},"content":{"rendered":"<div data-elementor-type=\"wp-post\" data-elementor-id=\"1420\" class=\"elementor elementor-1420\" data-elementor-settings=\"[]\">\n\t\t\t\t\t\t<div class=\"elementor-inner\">\n\t\t\t\t\t\t\t<div class=\"elementor-section-wrap\">\n\t\t\t\t\t\t\t<section class=\"elementor-section elementor-top-section elementor-element elementor-element-86ae9b3 content-wrap elementor-section-height-min-height elementor-section-boxed elementor-section-height-default elementor-section-items-middle elementor-invisible\" data-id=\"86ae9b3\" data-element_type=\"section\" data-settings=\"{&quot;background_background&quot;:&quot;classic&quot;,&quot;motion_fx_motion_fx_scrolling&quot;:&quot;yes&quot;,&quot;animation&quot;:&quot;fadeIn&quot;,&quot;animation_delay&quot;:100,&quot;motion_fx_devices&quot;:[&quot;desktop&quot;,&quot;tablet&quot;,&quot;mobile&quot;]}\">\n\t\t\t\t\t\t\t<div class=\"elementor-background-overlay\"><\/div>\n\t\t\t\t\t\t\t<div class=\"elementor-container elementor-column-gap-default\">\n\t\t\t\t\t\t\t<div class=\"elementor-row\">\n\t\t\t\t\t<div class=\"elementor-column elementor-col-100 elementor-top-column elementor-element elementor-element-ffce3fd elementor-invisible\" data-id=\"ffce3fd\" data-element_type=\"column\" data-settings=\"{&quot;animation_delay&quot;:150,&quot;animation&quot;:&quot;fadeIn&quot;}\">\n\t\t\t<div class=\"elementor-column-wrap elementor-element-populated\">\n\t\t\t\t\t\t\t<div class=\"elementor-widget-wrap\">\n\t\t\t\t\t\t<div class=\"elementor-element elementor-element-30182a90 elementor-invisible elementor-widget elementor-widget-heading\" data-id=\"30182a90\" data-element_type=\"widget\" data-settings=\"{&quot;_animation&quot;:&quot;fadeInUp&quot;,&quot;_animation_delay&quot;:250}\" data-widget_type=\"heading.default\">\n\t\t\t\t<div class=\"elementor-widget-container\">\n\t\t\t<h2 class=\"elementor-heading-title elementor-size-default\">Impressum<\/h2>\t\t<\/div>\n\t\t\t\t<\/div>\n\t\t\t\t<section class=\"elementor-section elementor-inner-section elementor-element elementor-element-c052a28 elementor-section-boxed elementor-section-height-default elementor-section-height-default elementor-invisible\" data-id=\"c052a28\" data-element_type=\"section\" data-settings=\"{&quot;animation&quot;:&quot;fadeInUp&quot;,&quot;animation_delay&quot;:350}\">\n\t\t\t\t\t\t<div class=\"elementor-container elementor-column-gap-default\">\n\t\t\t\t\t\t\t<div class=\"elementor-row\">\n\t\t\t\t\t<div class=\"elementor-column elementor-col-100 elementor-inner-column elementor-element elementor-element-5a77799\" data-id=\"5a77799\" data-element_type=\"column\">\n\t\t\t<div class=\"elementor-column-wrap elementor-element-populated\">\n\t\t\t\t\t\t\t<div class=\"elementor-widget-wrap\">\n\t\t\t\t\t\t<div class=\"elementor-element elementor-element-d0cbc94 elementor-widget elementor-widget-text-editor\" data-id=\"d0cbc94\" data-element_type=\"widget\" data-widget_type=\"text-editor.default\">\n\t\t\t\t<div class=\"elementor-widget-container\">\n\t\t\t\t\t\t\t\t<div class=\"elementor-text-editor elementor-clearfix\">\n\t\t\t\t<p class=\"p1\"><span class=\"s1\">Informationspflicht laut \u00a75 E-Commerce Gesetz, \u00a714 Unternehmensgesetzbuch, \u00a763 Gewerbeordnung und Offenlegungspflicht laut \u00a725 Mediengesetz.<\/span><\/p><p>Leon &amp; Friends e.V.<\/p><p class=\"p1\"><span class=\"s1\"><br \/>E-Mail: hallo@leonandfriends.org<\/span><\/p>\t\t\t\t\t<\/div>\n\t\t\t\t\t\t<\/div>\n\t\t\t\t<\/div>\n\t\t\t\t<div class=\"elementor-element elementor-element-49a0961 elementor-widget elementor-widget-text-editor\" data-id=\"49a0961\" data-element_type=\"widget\" data-widget_type=\"text-editor.default\">\n\t\t\t\t<div class=\"elementor-widget-container\">\n\t\t\t\t\t\t\t\t<div class=\"elementor-text-editor elementor-clearfix\">\n\t\t\t\t<p class=\"p1\"><span class=\"s1\"><b>Vereinszweck:<\/b><\/span><\/p>\n<p class=\"p2\"><span class=\"s1\">Der Verein bezweckt die Forschung der Therapiemo\u0308glichkeiten fu\u0308r Kinder, welche einen Gendefekt aufweisen, welcher zur Gruppe der sogenannten non-syndromal Intellectual Disabilities (NSID) za\u0308hlt. <\/span><\/p>\n<p class=\"p1\"><span class=\"s1\"><b>EU-Streitschlichtung<\/b><\/span><\/p>\n<p class=\"p2\"><span class=\"s1\">Gem\u00e4\u00df Verordnung \u00fcber Online-Streitbeilegung in Verbraucherangelegenheiten (ODR-Verordnung) m\u00f6chten wir Sie \u00fcber die Online-Streitbeilegungsplattform (OS-Plattform) informieren. Verbraucher haben die M\u00f6glichkeit, Beschwerden an die Online Streitbeilegungsplattform der Europ\u00e4ischen Kommission unter http:\/\/ec.europa.eu\/odr zu richten. Die daf\u00fcr notwendigen Kontaktdaten finden Sie oberhalb in unserem Impressum.<\/span><\/p>\n<p class=\"p2\"><span class=\"s1\">Wir m\u00f6chten Sie jedoch darauf hinweisen, dass wir nicht bereit oder verpflichtet sind, an Streitbeilegungsverfahren vor einer Verbraucherschlichtungsstelle teilzunehmen.<\/span><\/p>\n<p class=\"p1\"><span class=\"s1\"><b>Haftung f\u00fcr Inhalte dieser Webseite<\/b><\/span><\/p>\n<p class=\"p2\"><span class=\"s1\">Wir entwickeln die Inhalte dieser Webseite st\u00e4ndig weiter und bem\u00fchen uns korrekte und aktuelle Informationen bereitzustellen. Leider k\u00f6nnen wir keine Haftung f\u00fcr die Korrektheit aller Inhalte auf dieser Webseite \u00fcbernehmen, speziell f\u00fcr jene die seitens Dritter bereitgestellt wurden.<\/span><\/p>\n<p class=\"p2\"><span class=\"s1\">Sollten Ihnen problematische oder rechtswidrige Inhalte auffallen, bitte wir Sie uns umgehend zu kontaktieren, Sie finden die Kontaktdaten im Impressum.<\/span><\/p>\n<p class=\"p1\"><span class=\"s1\"><b>Haftung f\u00fcr Links auf dieser Webseite<\/b><\/span><\/p>\n<p class=\"p2\"><span class=\"s1\">Unsere Webseite enth\u00e4lt Links zu anderen Webseiten f\u00fcr deren Inhalt wir nicht verantwortlich sind. Haftung f\u00fcr verlinkte Websites besteht laut \u00a7 17 ECG f\u00fcr uns nicht, da wir keine Kenntnis rechtswidriger T\u00e4tigkeiten hatten und haben, uns solche Rechtswidrigkeiten auch bisher nicht aufgefallen sind und wir Links sofort entfernen w\u00fcrden, wenn uns Rechtswidrigkeiten bekannt werden.<\/span><\/p>\n<p class=\"p2\"><span class=\"s1\">Wenn Ihnen rechtswidrige Links auf unserer Website auffallen, bitte wir Sie uns zu kontaktieren, Sie finden die Kontaktdaten im Impressum.<\/span><\/p>\n<p class=\"p1\"><span class=\"s1\"><b>Urheberrechtshinweis<\/b><\/span><\/p>\n<p class=\"p2\"><span class=\"s1\">Alle Inhalte dieser Webseite (Bilder, Fotos, Texte, Videos) unterliegen dem Urheberrecht. Falls notwendig, werden wir die unerlaubte Nutzung von Teilen der Inhalte unserer Seite rechtlich verfolgen.<\/span><\/p>\n<p class=\"p2\"><span class=\"s1\">Sollten Sie auf dieser Webseite Inhalte finden, die das Urheberrecht verletzen, bitten wir Sie uns zu kontaktieren.<\/span><\/p>\t\t\t\t\t<\/div>\n\t\t\t\t\t\t<\/div>\n\t\t\t\t<\/div>\n\t\t\t\t\t\t<\/div>\n\t\t\t\t\t<\/div>\n\t\t<\/div>\n\t\t\t\t\t\t\t\t<\/div>\n\t\t\t\t\t<\/div>\n\t\t<\/section>\n\t\t\t\t\t\t<\/div>\n\t\t\t\t\t<\/div>\n\t\t<\/div>\n\t\t\t\t\t\t\t\t<\/div>\n\t\t\t\t\t<\/div>\n\t\t<\/section>\n\t\t\t\t\t\t<\/div>\n\t\t\t\t\t\t<\/div>\n\t\t\t\t\t<\/div>","protected":false},"excerpt":{"rendered":"<p>Impressum Informationspflicht laut \u00a75 E-Commerce Gesetz, \u00a714 Unternehmensgesetzbuch, \u00a763 Gewerbeordnung und Offenlegungspflicht laut \u00a725 Mediengesetz. Leon &amp; Friends e.V. E-Mail: hallo@leonandfriends.org Vereinszweck: Der Verein bezweckt die Forschung der Therapiemo\u0308glichkeiten fu\u0308r Kinder, welche einen Gendefekt aufweisen, welcher zur Gruppe der sogenannten non-syndromal Intellectual Disabilities (NSID) za\u0308hlt. EU-Streitschlichtung Gem\u00e4\u00df Verordnung \u00fcber Online-Streitbeilegung in Verbraucherangelegenheiten (ODR-Verordnung) m\u00f6chten wir &hellip; <\/p>\n<p class=\"link-more\"><a href=\"https:\/\/leonandfriends.org\/en\/impressum\/\" class=\"more-link\">Continue reading<span class=\"screen-reader-text\"> &#8222;Impressum&#8220;<\/span><\/a><\/p>","protected":false},"author":1,"featured_media":0,"parent":0,"menu_order":0,"comment_status":"closed","ping_status":"closed","template":"elementor_header_footer","meta":{"spay_email":""},"yoast_head":"<!-- This site is optimized with the Yoast SEO plugin v17.2 - https:\/\/yoast.com\/wordpress\/plugins\/seo\/ -->\n<title>Impressum - Leon &amp; Friends e.V.<\/title>\n<meta name=\"robots\" content=\"index, follow, max-snippet:-1, max-image-preview:large, max-video-preview:-1\" \/>\n<link rel=\"canonical\" href=\"https:\/\/leonandfriends.org\/en\/impressum\/\" \/>\n<meta property=\"og:locale\" content=\"en_US\" \/>\n<meta property=\"og:type\" content=\"article\" \/>\n<meta property=\"og:title\" content=\"Impressum - Leon &amp; Friends e.V.\" \/>\n<meta property=\"og:description\" content=\"Impressum Informationspflicht laut \u00a75 E-Commerce Gesetz, \u00a714 Unternehmensgesetzbuch, \u00a763 Gewerbeordnung und Offenlegungspflicht laut \u00a725 Mediengesetz. Leon &amp; Friends e.V. E-Mail: hallo@leonandfriends.org Vereinszweck: Der Verein bezweckt die Forschung der Therapiemo\u0308glichkeiten fu\u0308r Kinder, welche einen Gendefekt aufweisen, welcher zur Gruppe der sogenannten non-syndromal Intellectual Disabilities (NSID) za\u0308hlt. EU-Streitschlichtung Gem\u00e4\u00df Verordnung \u00fcber Online-Streitbeilegung in Verbraucherangelegenheiten (ODR-Verordnung) m\u00f6chten wir &hellip; Continue reading &quot;Impressum&quot;\" \/>\n<meta property=\"og:url\" content=\"https:\/\/leonandfriends.org\/en\/impressum\/\" \/>\n<meta property=\"og:site_name\" content=\"Leon &amp; Friends e.V.\" \/>\n<meta property=\"article:modified_time\" content=\"2023-03-01T09:46:33+00:00\" \/>\n<meta name=\"twitter:card\" content=\"summary_large_image\" \/>\n<meta name=\"twitter:label1\" content=\"Est. reading time\" \/>\n\t<meta name=\"twitter:data1\" content=\"2 minutes\" \/>\n<script type=\"application\/ld+json\" class=\"yoast-schema-graph\">{\"@context\":\"https:\/\/schema.org\",\"@graph\":[{\"@type\":\"WebSite\",\"@id\":\"https:\/\/leonandfriends.org\/#website\",\"url\":\"https:\/\/leonandfriends.org\/\",\"name\":\"Leon &amp; Friends e.V.\",\"description\":\"Unterstu\\u0308tzen Sie uns bei der Erforschung seltener Gendefekte und beim Kampf gegen das unheilbare Syngap-Syndrom\",\"potentialAction\":[{\"@type\":\"SearchAction\",\"target\":{\"@type\":\"EntryPoint\",\"urlTemplate\":\"https:\/\/leonandfriends.org\/?s={search_term_string}\"},\"query-input\":\"required name=search_term_string\"}],\"inLanguage\":\"en-US\"},{\"@type\":\"WebPage\",\"@id\":\"https:\/\/leonandfriends.org\/impressum\/#webpage\",\"url\":\"https:\/\/leonandfriends.org\/impressum\/\",\"name\":\"Impressum - Leon &amp; Friends e.V.\",\"isPartOf\":{\"@id\":\"https:\/\/leonandfriends.org\/#website\"},\"datePublished\":\"2019-06-19T08:31:11+00:00\",\"dateModified\":\"2023-03-01T09:46:33+00:00\",\"breadcrumb\":{\"@id\":\"https:\/\/leonandfriends.org\/impressum\/#breadcrumb\"},\"inLanguage\":\"en-US\",\"potentialAction\":[{\"@type\":\"ReadAction\",\"target\":[\"https:\/\/leonandfriends.org\/impressum\/\"]}]},{\"@type\":\"BreadcrumbList\",\"@id\":\"https:\/\/leonandfriends.org\/impressum\/#breadcrumb\",\"itemListElement\":[{\"@type\":\"ListItem\",\"position\":1,\"name\":\"Startseite\",\"item\":\"https:\/\/leonandfriends.org\/\"},{\"@type\":\"ListItem\",\"position\":2,\"name\":\"Impressum\"}]}]}<\/script>\n<!-- \/ Yoast SEO plugin. -->","yoast_head_json":{"title":"Impressum - Leon &amp; Friends e.V.","robots":{"index":"index","follow":"follow","max-snippet":"max-snippet:-1","max-image-preview":"max-image-preview:large","max-video-preview":"max-video-preview:-1"},"canonical":"https:\/\/leonandfriends.org\/en\/impressum\/","og_locale":"en_US","og_type":"article","og_title":"Impressum - Leon &amp; Friends e.V.","og_description":"Impressum Informationspflicht laut \u00a75 E-Commerce Gesetz, \u00a714 Unternehmensgesetzbuch, \u00a763 Gewerbeordnung und Offenlegungspflicht laut \u00a725 Mediengesetz. Leon &amp; Friends e.V. E-Mail: hallo@leonandfriends.org Vereinszweck: Der Verein bezweckt die Forschung der Therapiemo\u0308glichkeiten fu\u0308r Kinder, welche einen Gendefekt aufweisen, welcher zur Gruppe der sogenannten non-syndromal Intellectual Disabilities (NSID) za\u0308hlt. EU-Streitschlichtung Gem\u00e4\u00df Verordnung \u00fcber Online-Streitbeilegung in Verbraucherangelegenheiten (ODR-Verordnung) m\u00f6chten wir &hellip; Continue reading \"Impressum\"","og_url":"https:\/\/leonandfriends.org\/en\/impressum\/","og_site_name":"Leon &amp; Friends e.V.","article_modified_time":"2023-03-01T09:46:33+00:00","twitter_card":"summary_large_image","twitter_misc":{"Est. reading time":"2 minutes"},"schema":{"@context":"https:\/\/schema.org","@graph":[{"@type":"WebSite","@id":"https:\/\/leonandfriends.org\/#website","url":"https:\/\/leonandfriends.org\/","name":"Leon &amp; Friends e.V.","description":"Unterstu\u0308tzen Sie uns bei der Erforschung seltener Gendefekte und beim Kampf gegen das unheilbare Syngap-Syndrom","potentialAction":[{"@type":"SearchAction","target":{"@type":"EntryPoint","urlTemplate":"https:\/\/leonandfriends.org\/?s={search_term_string}"},"query-input":"required name=search_term_string"}],"inLanguage":"en-US"},{"@type":"WebPage","@id":"https:\/\/leonandfriends.org\/impressum\/#webpage","url":"https:\/\/leonandfriends.org\/impressum\/","name":"Impressum - Leon &amp; Friends e.V.","isPartOf":{"@id":"https:\/\/leonandfriends.org\/#website"},"datePublished":"2019-06-19T08:31:11+00:00","dateModified":"2023-03-01T09:46:33+00:00","breadcrumb":{"@id":"https:\/\/leonandfriends.org\/impressum\/#breadcrumb"},"inLanguage":"en-US","potentialAction":[{"@type":"ReadAction","target":["https:\/\/leonandfriends.org\/impressum\/"]}]},{"@type":"BreadcrumbList","@id":"https:\/\/leonandfriends.org\/impressum\/#breadcrumb","itemListElement":[{"@type":"ListItem","position":1,"name":"Startseite","item":"https:\/\/leonandfriends.org\/"},{"@type":"ListItem","position":2,"name":"Impressum"}]}]}},"jetpack_sharing_enabled":true,"jetpack_shortlink":"https:\/\/wp.me\/PapVdp-mU","_links":{"self":[{"href":"https:\/\/leonandfriends.org\/en\/wp-json\/wp\/v2\/pages\/1420"}],"collection":[{"href":"https:\/\/leonandfriends.org\/en\/wp-json\/wp\/v2\/pages"}],"about":[{"href":"https:\/\/leonandfriends.org\/en\/wp-json\/wp\/v2\/types\/page"}],"author":[{"embeddable":true,"href":"https:\/\/leonandfriends.org\/en\/wp-json\/wp\/v2\/users\/1"}],"replies":[{"embeddable":true,"href":"https:\/\/leonandfriends.org\/en\/wp-json\/wp\/v2\/comments?post=1420"}],"version-history":[{"count":10,"href":"https:\/\/leonandfriends.org\/en\/wp-json\/wp\/v2\/pages\/1420\/revisions"}],"predecessor-version":[{"id":3716,"href":"https:\/\/leonandfriends.org\/en\/wp-json\/wp\/v2\/pages\/1420\/revisions\/3716"}],"wp:attachment":[{"href":"https:\/\/leonandfriends.org\/en\/wp-json\/wp\/v2\/media?parent=1420"}],"curies":[{"name":"wp","href":"https:\/\/api.w.org\/{rel}","templated":true}]}}