{"id":2253,"date":"2020-11-16T10:44:43","date_gmt":"2020-11-16T09:44:43","guid":{"rendered":"https:\/\/leonandfriends.org\/?page_id=2253"},"modified":"2023-03-01T11:25:04","modified_gmt":"2023-03-01T10:25:04","slug":"aktuelles-2","status":"publish","type":"page","link":"https:\/\/leonandfriends.org\/en\/aktuelles-2\/","title":{"rendered":"Aktuelles"},"content":{"rendered":"<div data-elementor-type=\"wp-post\" data-elementor-id=\"2253\" class=\"elementor elementor-2253\" data-elementor-settings=\"[]\">\n\t\t\t\t\t\t<div class=\"elementor-inner\">\n\t\t\t\t\t\t\t<div class=\"elementor-section-wrap\">\n\t\t\t\t\t\t\t<section class=\"elementor-section elementor-top-section elementor-element elementor-element-86ae9b3 content-wrap elementor-section-boxed elementor-section-height-default elementor-section-height-default\" data-id=\"86ae9b3\" data-element_type=\"section\" id=\"scroll-down\" data-settings=\"{&quot;background_motion_fx_translateY_effect&quot;:&quot;yes&quot;,&quot;background_motion_fx_translateY_speed&quot;:{&quot;unit&quot;:&quot;px&quot;,&quot;size&quot;:6.5,&quot;sizes&quot;:[]},&quot;background_motion_fx_translateY_affectedRange&quot;:{&quot;unit&quot;:&quot;%&quot;,&quot;size&quot;:&quot;&quot;,&quot;sizes&quot;:{&quot;start&quot;:0,&quot;end&quot;:100}},&quot;background_motion_fx_devices&quot;:[&quot;desktop&quot;,&quot;tablet&quot;,&quot;mobile&quot;]}\">\n\t\t\t\t\t\t\t<div class=\"elementor-background-overlay\"><\/div>\n\t\t\t\t\t\t\t<div class=\"elementor-container elementor-column-gap-default\">\n\t\t\t\t\t\t\t<div class=\"elementor-row\">\n\t\t\t\t\t<div class=\"elementor-column elementor-col-50 elementor-top-column elementor-element elementor-element-ffce3fd\" data-id=\"ffce3fd\" data-element_type=\"column\">\n\t\t\t<div class=\"elementor-column-wrap elementor-element-populated\">\n\t\t\t\t\t\t\t<div class=\"elementor-widget-wrap\">\n\t\t\t\t\t\t<div class=\"elementor-element elementor-element-96c297d elementor-invisible elementor-widget elementor-widget-heading\" data-id=\"96c297d\" data-element_type=\"widget\" data-settings=\"{&quot;_animation&quot;:&quot;fadeInUp&quot;,&quot;_animation_delay&quot;:150}\" data-widget_type=\"heading.default\">\n\t\t\t\t<div class=\"elementor-widget-container\">\n\t\t\t<h2 class=\"elementor-heading-title elementor-size-default\">News & Updates<\/h2>\t\t<\/div>\n\t\t\t\t<\/div>\n\t\t\t\t<div class=\"elementor-element elementor-element-8424470 elementor-grid-2 elementor-posts--align-left elementor-grid-tablet-2 elementor-grid-mobile-1 elementor-posts--thumbnail-top elementor-invisible elementor-widget elementor-widget-posts\" data-id=\"8424470\" data-element_type=\"widget\" data-settings=\"{&quot;classic_columns&quot;:&quot;2&quot;,&quot;_animation&quot;:&quot;fadeInUp&quot;,&quot;_animation_delay&quot;:250,&quot;classic_columns_tablet&quot;:&quot;2&quot;,&quot;classic_columns_mobile&quot;:&quot;1&quot;,&quot;classic_row_gap&quot;:{&quot;unit&quot;:&quot;px&quot;,&quot;size&quot;:35,&quot;sizes&quot;:[]}}\" data-widget_type=\"posts.classic\">\n\t\t\t\t<div class=\"elementor-widget-container\">\n\t\t\t\t\t<div class=\"elementor-posts-container elementor-posts elementor-posts--skin-classic elementor-grid\">\n\t\t\t\t<article class=\"elementor-post elementor-grid-item post-3638 post type-post status-publish format-standard has-post-thumbnail hentry category-allgemein\">\n\t\t\t\t<a class=\"elementor-post__thumbnail__link\" href=\"https:\/\/leonandfriends.org\/en\/2022\/01\/07\/amazon-smile\/\" >\n\t\t\t<div class=\"elementor-post__thumbnail\"><img width=\"525\" height=\"172\" src=\"https:\/\/leonandfriends.org\/wp-content\/uploads\/2021\/12\/AmazonSmile_Email_610x200_Allgemein_2.png\" class=\"attachment-medium_large size-medium_large\" alt=\"\" loading=\"lazy\" srcset=\"https:\/\/leonandfriends.org\/wp-content\/uploads\/2021\/12\/AmazonSmile_Email_610x200_Allgemein_2.png 610w, https:\/\/leonandfriends.org\/wp-content\/uploads\/2021\/12\/AmazonSmile_Email_610x200_Allgemein_2-300x98.png 300w, https:\/\/leonandfriends.org\/wp-content\/uploads\/2021\/12\/AmazonSmile_Email_610x200_Allgemein_2-18x6.png 18w\" sizes=\"100vw\" \/><\/div>\n\t\t<\/a>\n\t\t\t\t<div class=\"elementor-post__text\">\n\t\t\t\t<h3 class=\"elementor-post__title\">\n\t\t\t<a href=\"https:\/\/leonandfriends.org\/en\/2022\/01\/07\/amazon-smile\/\" >\n\t\t\t\tAmazon Smile:\t\t\t<\/a>\n\t\t<\/h3>\n\t\t\t\t<div class=\"elementor-post__meta-data\">\n\t\t\t\t\t<span class=\"elementor-post-author\">\n\t\t\tFlorian und Sandra\t\t<\/span>\n\t\t\t\t<span class=\"elementor-post-date\">\n\t\t\t07\/01\/2022\t\t<\/span>\n\t\t\t\t<\/div>\n\t\t\t\t<div class=\"elementor-post__excerpt\">\n\t\t\t<p>Aus 284 wurden 328 Shopper auf Amazon Smile &lt;3! Insgesamt wurden dieses Jahr 1206,79\u20ac bis Stand 22.12. von Amazon auf unser Konto \u00fcberwiesen! Wir danken<\/p>\n\t\t<\/div>\n\t\t\t\t<\/div>\n\t\t\t\t<\/article>\n\t\t\t\t<article class=\"elementor-post elementor-grid-item post-3648 post type-post status-publish format-standard has-post-thumbnail hentry category-neues-von-leon tag-leonandfriends tag-vielendank tag-charity tag-dankeschoen tag-frohesneuesjahr tag-happynewyear tag-leon-and-friends tag-silvester tag-spenden tag-spendenaktion tag-spendenaktionen tag-syngap-forschung tag-syngap1\">\n\t\t\t\t<a class=\"elementor-post__thumbnail__link\" href=\"https:\/\/leonandfriends.org\/en\/2021\/12\/31\/happy-new-year\/\" >\n\t\t\t<div class=\"elementor-post__thumbnail\"><img width=\"525\" height=\"255\" src=\"https:\/\/leonandfriends.org\/wp-content\/uploads\/2021\/12\/WhatsApp-Image-2021-12-27-at-19.34.21-768x373.jpeg\" class=\"attachment-medium_large size-medium_large\" alt=\"\" loading=\"lazy\" srcset=\"https:\/\/leonandfriends.org\/wp-content\/uploads\/2021\/12\/WhatsApp-Image-2021-12-27-at-19.34.21-768x373.jpeg 768w, https:\/\/leonandfriends.org\/wp-content\/uploads\/2021\/12\/WhatsApp-Image-2021-12-27-at-19.34.21-300x146.jpeg 300w, https:\/\/leonandfriends.org\/wp-content\/uploads\/2021\/12\/WhatsApp-Image-2021-12-27-at-19.34.21-1024x498.jpeg 1024w, https:\/\/leonandfriends.org\/wp-content\/uploads\/2021\/12\/WhatsApp-Image-2021-12-27-at-19.34.21-1536x746.jpeg 1536w, https:\/\/leonandfriends.org\/wp-content\/uploads\/2021\/12\/WhatsApp-Image-2021-12-27-at-19.34.21-18x9.jpeg 18w, https:\/\/leonandfriends.org\/wp-content\/uploads\/2021\/12\/WhatsApp-Image-2021-12-27-at-19.34.21.jpeg 2048w\" sizes=\"100vw\" \/><\/div>\n\t\t<\/a>\n\t\t\t\t<div class=\"elementor-post__text\">\n\t\t\t\t<h3 class=\"elementor-post__title\">\n\t\t\t<a href=\"https:\/\/leonandfriends.org\/en\/2021\/12\/31\/happy-new-year\/\" >\n\t\t\t\tEin frohes und gesundes Jahr 2022!\t\t\t<\/a>\n\t\t<\/h3>\n\t\t\t\t<div class=\"elementor-post__meta-data\">\n\t\t\t\t\t<span class=\"elementor-post-author\">\n\t\t\tFlorian und Sandra\t\t<\/span>\n\t\t\t\t<span class=\"elementor-post-date\">\n\t\t\t31\/12\/2021\t\t<\/span>\n\t\t\t\t<\/div>\n\t\t\t\t<div class=\"elementor-post__excerpt\">\n\t\t\t<p>Das Jahr 2020 neigt sich dem Ende und wir wollen euch allen von Herzen f\u00fcr eure Hilfe und Unterst\u00fctzung danken!<\/p>\n\t\t<\/div>\n\t\t\t\t<\/div>\n\t\t\t\t<\/article>\n\t\t\t\t<article class=\"elementor-post elementor-grid-item post-3624 post type-post status-publish format-standard has-post-thumbnail hentry category-neues-von-leon tag-advent tag-besondere-adventszeit tag-blessed tag-christmaseve tag-dankbar tag-dankeanalle tag-leon tag-leon-and-friends tag-leons-entwicklung tag-syngap1 tag-weihnachten\">\n\t\t\t\t<a class=\"elementor-post__thumbnail__link\" href=\"https:\/\/leonandfriends.org\/en\/2021\/12\/23\/wir-wuenschen-allen-frohe-weihnachten\/\" >\n\t\t\t<div class=\"elementor-post__thumbnail\"><img width=\"525\" height=\"394\" src=\"https:\/\/leonandfriends.org\/wp-content\/uploads\/2021\/12\/Weihnachtsbild-768x576.jpeg\" class=\"attachment-medium_large size-medium_large\" alt=\"\" loading=\"lazy\" srcset=\"https:\/\/leonandfriends.org\/wp-content\/uploads\/2021\/12\/Weihnachtsbild-768x576.jpeg 768w, https:\/\/leonandfriends.org\/wp-content\/uploads\/2021\/12\/Weihnachtsbild-300x225.jpeg 300w, https:\/\/leonandfriends.org\/wp-content\/uploads\/2021\/12\/Weihnachtsbild-16x12.jpeg 16w, https:\/\/leonandfriends.org\/wp-content\/uploads\/2021\/12\/Weihnachtsbild.jpeg 1024w\" sizes=\"100vw\" \/><\/div>\n\t\t<\/a>\n\t\t\t\t<div class=\"elementor-post__text\">\n\t\t\t\t<h3 class=\"elementor-post__title\">\n\t\t\t<a href=\"https:\/\/leonandfriends.org\/en\/2021\/12\/23\/wir-wuenschen-allen-frohe-weihnachten\/\" >\n\t\t\t\tWir w\u00fcnschen allen frohe Weihnachten\t\t\t<\/a>\n\t\t<\/h3>\n\t\t\t\t<div class=\"elementor-post__meta-data\">\n\t\t\t\t\t<span class=\"elementor-post-author\">\n\t\t\tFlorian und Sandra\t\t<\/span>\n\t\t\t\t<span class=\"elementor-post-date\">\n\t\t\t23\/12\/2021\t\t<\/span>\n\t\t\t\t<\/div>\n\t\t\t\t<div class=\"elementor-post__excerpt\">\n\t\t\t<p>Marie ist dieses Jahr ganz aufgeregt, weil das Christkind kommt und wir freuen uns, dass diese kleine Magie ihr kleines, bedr\u00fccktes Kinderherz h\u00f6her schlagen l\u00e4sst<\/p>\n\t\t<\/div>\n\t\t\t\t<\/div>\n\t\t\t\t<\/article>\n\t\t\t\t<article class=\"elementor-post elementor-grid-item post-3616 post type-post status-publish format-standard has-post-thumbnail hentry category-neues-von-leon tag-leonandfriends tag-rapid tag-aussergewoehnliche-spenden tag-leon tag-spenden tag-spendenaktion tag-syngap-forschung tag-syngap1\">\n\t\t\t\t<a class=\"elementor-post__thumbnail__link\" href=\"https:\/\/leonandfriends.org\/en\/2021\/12\/21\/rapid-engel-wir-suchen-dich\/\" >\n\t\t\t<div class=\"elementor-post__thumbnail\"><img width=\"525\" height=\"282\" src=\"https:\/\/leonandfriends.org\/wp-content\/uploads\/2021\/12\/InkedRapid-Engel_1-768x413.jpg\" class=\"attachment-medium_large size-medium_large\" alt=\"\" loading=\"lazy\" srcset=\"https:\/\/leonandfriends.org\/wp-content\/uploads\/2021\/12\/InkedRapid-Engel_1-768x413.jpg 768w, https:\/\/leonandfriends.org\/wp-content\/uploads\/2021\/12\/InkedRapid-Engel_1-300x161.jpg 300w, https:\/\/leonandfriends.org\/wp-content\/uploads\/2021\/12\/InkedRapid-Engel_1-1024x550.jpg 1024w, https:\/\/leonandfriends.org\/wp-content\/uploads\/2021\/12\/InkedRapid-Engel_1-1536x825.jpg 1536w, https:\/\/leonandfriends.org\/wp-content\/uploads\/2021\/12\/InkedRapid-Engel_1-18x10.jpg 18w, https:\/\/leonandfriends.org\/wp-content\/uploads\/2021\/12\/InkedRapid-Engel_1.jpg 1593w\" sizes=\"100vw\" \/><\/div>\n\t\t<\/a>\n\t\t\t\t<div class=\"elementor-post__text\">\n\t\t\t\t<h3 class=\"elementor-post__title\">\n\t\t\t<a href=\"https:\/\/leonandfriends.org\/en\/2021\/12\/21\/rapid-engel-wir-suchen-dich\/\" >\n\t\t\t\tRapid Engel &#8211; wir suchen dich!\t\t\t<\/a>\n\t\t<\/h3>\n\t\t\t\t<div class=\"elementor-post__meta-data\">\n\t\t\t\t\t<span class=\"elementor-post-author\">\n\t\t\tFlorian und Sandra\t\t<\/span>\n\t\t\t\t<span class=\"elementor-post-date\">\n\t\t\t21\/12\/2021\t\t<\/span>\n\t\t\t\t<\/div>\n\t\t\t\t<div class=\"elementor-post__excerpt\">\n\t\t\t<p>Wir sind immer noch verdutzt und sprachlos, aber wir m\u00fcssen euch unbedingt erz\u00e4hlen, was uns passiert ist.Am Sonntag (12.12.) um kurz vor 12 Uhr mittags<\/p>\n\t\t<\/div>\n\t\t\t\t<\/div>\n\t\t\t\t<\/article>\n\t\t\t\t<article class=\"elementor-post elementor-grid-item post-3535 post type-post status-publish format-standard has-post-thumbnail hentry category-neues-von-leon tag-familie tag-family tag-geschwisterkind tag-geschwisterkinder tag-schattenkind tag-specialneedsschwester tag-spenden tag-spendenaktion tag-syngap-forschung tag-syngap1 tag-tochter\">\n\t\t\t\t<a class=\"elementor-post__thumbnail__link\" href=\"https:\/\/leonandfriends.org\/en\/2021\/10\/15\/%f0%9f%96%a4-schattenkinder-%f0%9f%96%a4\/\" >\n\t\t\t<div class=\"elementor-post__thumbnail\"><img width=\"525\" height=\"700\" src=\"https:\/\/leonandfriends.org\/wp-content\/uploads\/2021\/10\/2.-Nacht-ohne-Leon-768x1024.jpg\" class=\"attachment-medium_large size-medium_large\" alt=\"\" loading=\"lazy\" srcset=\"https:\/\/leonandfriends.org\/wp-content\/uploads\/2021\/10\/2.-Nacht-ohne-Leon-768x1024.jpg 768w, https:\/\/leonandfriends.org\/wp-content\/uploads\/2021\/10\/2.-Nacht-ohne-Leon-225x300.jpg 225w, https:\/\/leonandfriends.org\/wp-content\/uploads\/2021\/10\/2.-Nacht-ohne-Leon-9x12.jpg 9w, https:\/\/leonandfriends.org\/wp-content\/uploads\/2021\/10\/2.-Nacht-ohne-Leon.jpg 1104w\" sizes=\"100vw\" \/><\/div>\n\t\t<\/a>\n\t\t\t\t<div class=\"elementor-post__text\">\n\t\t\t\t<h3 class=\"elementor-post__title\">\n\t\t\t<a href=\"https:\/\/leonandfriends.org\/en\/2021\/10\/15\/%f0%9f%96%a4-schattenkinder-%f0%9f%96%a4\/\" >\n\t\t\t\t\ud83d\udda4 Schattenkinder \ud83d\udda4\t\t\t<\/a>\n\t\t<\/h3>\n\t\t\t\t<div class=\"elementor-post__meta-data\">\n\t\t\t\t\t<span class=\"elementor-post-author\">\n\t\t\tFlorian und Sandra\t\t<\/span>\n\t\t\t\t<span class=\"elementor-post-date\">\n\t\t\t15\/10\/2021\t\t<\/span>\n\t\t\t\t<\/div>\n\t\t\t\t<div class=\"elementor-post__excerpt\">\n\t\t\t<p>Sie stehen dort, wo sie das Licht nur beschr\u00e4nkt erreicht.<br \/>\nSie stehen hinter etwas. Nein&#8230; Sie stehen hinter jemanden. <\/p>\n\t\t<\/div>\n\t\t\t\t<\/div>\n\t\t\t\t<\/article>\n\t\t\t\t<article class=\"elementor-post elementor-grid-item post-3487 post type-post status-publish format-standard has-post-thumbnail hentry category-neues-von-leon tag-leonandfriends tag-alltag tag-careforrare tag-specialneedsfamily tag-spenden tag-spendenaktion tag-syngap1\">\n\t\t\t\t<a class=\"elementor-post__thumbnail__link\" href=\"https:\/\/leonandfriends.org\/en\/2021\/10\/06\/heute-war-ein-absoluter-mist-tag\/\" >\n\t\t\t<div class=\"elementor-post__thumbnail\"><img width=\"525\" height=\"394\" src=\"https:\/\/leonandfriends.org\/wp-content\/uploads\/2021\/09\/Das-Richtige-fehlt-768x576.jpeg\" class=\"attachment-medium_large size-medium_large\" alt=\"\" loading=\"lazy\" srcset=\"https:\/\/leonandfriends.org\/wp-content\/uploads\/2021\/09\/Das-Richtige-fehlt-768x576.jpeg 768w, https:\/\/leonandfriends.org\/wp-content\/uploads\/2021\/09\/Das-Richtige-fehlt-300x225.jpeg 300w, https:\/\/leonandfriends.org\/wp-content\/uploads\/2021\/09\/Das-Richtige-fehlt-1024x768.jpeg 1024w, https:\/\/leonandfriends.org\/wp-content\/uploads\/2021\/09\/Das-Richtige-fehlt-1536x1152.jpeg 1536w, https:\/\/leonandfriends.org\/wp-content\/uploads\/2021\/09\/Das-Richtige-fehlt-16x12.jpeg 16w, https:\/\/leonandfriends.org\/wp-content\/uploads\/2021\/09\/Das-Richtige-fehlt.jpeg 2016w\" sizes=\"100vw\" \/><\/div>\n\t\t<\/a>\n\t\t\t\t<div class=\"elementor-post__text\">\n\t\t\t\t<h3 class=\"elementor-post__title\">\n\t\t\t<a href=\"https:\/\/leonandfriends.org\/en\/2021\/10\/06\/heute-war-ein-absoluter-mist-tag\/\" >\n\t\t\t\tHeute war ein absoluter MIST &#8211; TAG!\t\t\t<\/a>\n\t\t<\/h3>\n\t\t\t\t<div class=\"elementor-post__meta-data\">\n\t\t\t\t\t<span class=\"elementor-post-author\">\n\t\t\tFlorian und Sandra\t\t<\/span>\n\t\t\t\t<span class=\"elementor-post-date\">\n\t\t\t06\/10\/2021\t\t<\/span>\n\t\t\t\t<\/div>\n\t\t\t\t<div class=\"elementor-post__excerpt\">\n\t\t\t<p>Wenn schon beim Fr\u00fchst\u00fcck nichts passt&#8230;<\/p>\n\t\t<\/div>\n\t\t\t\t<\/div>\n\t\t\t\t<\/article>\n\t\t\t\t<article class=\"elementor-post elementor-grid-item post-3448 post type-post status-publish format-standard has-post-thumbnail hentry category-neues-von-leon tag-entwicklungsverzoegerung tag-forschung tag-helfen tag-leons-entwicklung tag-leons-fortschritte tag-lernen tag-salzburg tag-syngap1 tag-therapie tag-therapieformen tag-unterstuetzung tag-zeigen\">\n\t\t\t\t<a class=\"elementor-post__thumbnail__link\" href=\"https:\/\/leonandfriends.org\/en\/2021\/09\/22\/wo-ist-der-hirsch-leon\/\" >\n\t\t\t<div class=\"elementor-post__thumbnail\"><img width=\"525\" height=\"827\" src=\"https:\/\/leonandfriends.org\/wp-content\/uploads\/2021\/09\/Zeigen-.png\" class=\"attachment-medium_large size-medium_large\" alt=\"\" loading=\"lazy\" srcset=\"https:\/\/leonandfriends.org\/wp-content\/uploads\/2021\/09\/Zeigen-.png 593w, https:\/\/leonandfriends.org\/wp-content\/uploads\/2021\/09\/Zeigen--190x300.png 190w\" sizes=\"100vw\" \/><\/div>\n\t\t<\/a>\n\t\t\t\t<div class=\"elementor-post__text\">\n\t\t\t\t<h3 class=\"elementor-post__title\">\n\t\t\t<a href=\"https:\/\/leonandfriends.org\/en\/2021\/09\/22\/wo-ist-der-hirsch-leon\/\" >\n\t\t\t\tWo ist der Hirsch, Leon?\t\t\t<\/a>\n\t\t<\/h3>\n\t\t\t\t<div class=\"elementor-post__meta-data\">\n\t\t\t\t\t<span class=\"elementor-post-author\">\n\t\t\tFlorian und Sandra\t\t<\/span>\n\t\t\t\t<span class=\"elementor-post-date\">\n\t\t\t22\/09\/2021\t\t<\/span>\n\t\t\t\t<\/div>\n\t\t\t\t<div class=\"elementor-post__excerpt\">\n\t\t\t<p>Vor ein paar Wochen hatten wir Besuch \u2013 zwei unglaublich tolle und erfahrene Therapeuten haben sich extra auf den Weg von Salzburg zu uns gemacht<\/p>\n\t\t<\/div>\n\t\t\t\t<\/div>\n\t\t\t\t<\/article>\n\t\t\t\t<article class=\"elementor-post elementor-grid-item post-3446 post type-post status-publish format-standard has-post-thumbnail hentry category-neues-von-leon tag-dominik-landertinger tag-dominik-landertinger-performance tag-fitnesskalender tag-freundefuersleben tag-profisport tag-profisportler tag-spenden tag-spendenaktion tag-sport tag-syngap tag-syngap1 tag-syngap1fighter tag-unterstuetzung\">\n\t\t\t\t<a class=\"elementor-post__thumbnail__link\" href=\"https:\/\/leonandfriends.org\/en\/2021\/09\/20\/dominik-landertinger-ein-ganz-besonderer-unterstuetzer\/\" >\n\t\t\t<div class=\"elementor-post__thumbnail\"><img width=\"525\" height=\"525\" src=\"https:\/\/leonandfriends.org\/wp-content\/uploads\/2019\/06\/02b.jpg\" class=\"attachment-medium_large size-medium_large\" alt=\"\" loading=\"lazy\" srcset=\"https:\/\/leonandfriends.org\/wp-content\/uploads\/2019\/06\/02b.jpg 678w, https:\/\/leonandfriends.org\/wp-content\/uploads\/2019\/06\/02b-150x150.jpg 150w, https:\/\/leonandfriends.org\/wp-content\/uploads\/2019\/06\/02b-300x300.jpg 300w, https:\/\/leonandfriends.org\/wp-content\/uploads\/2019\/06\/02b-146x146.jpg 146w, https:\/\/leonandfriends.org\/wp-content\/uploads\/2019\/06\/02b-50x50.jpg 50w, https:\/\/leonandfriends.org\/wp-content\/uploads\/2019\/06\/02b-75x75.jpg 75w, https:\/\/leonandfriends.org\/wp-content\/uploads\/2019\/06\/02b-85x85.jpg 85w, https:\/\/leonandfriends.org\/wp-content\/uploads\/2019\/06\/02b-80x80.jpg 80w\" sizes=\"100vw\" \/><\/div>\n\t\t<\/a>\n\t\t\t\t<div class=\"elementor-post__text\">\n\t\t\t\t<h3 class=\"elementor-post__title\">\n\t\t\t<a href=\"https:\/\/leonandfriends.org\/en\/2021\/09\/20\/dominik-landertinger-ein-ganz-besonderer-unterstuetzer\/\" >\n\t\t\t\tDOMINIK LANDERTINGER &#8211; ein ganz besonderer Unterst\u00fctzer\t\t\t<\/a>\n\t\t<\/h3>\n\t\t\t\t<div class=\"elementor-post__meta-data\">\n\t\t\t\t\t<span class=\"elementor-post-author\">\n\t\t\tFlorian und Sandra\t\t<\/span>\n\t\t\t\t<span class=\"elementor-post-date\">\n\t\t\t20\/09\/2021\t\t<\/span>\n\t\t\t\t<\/div>\n\t\t\t\t<div class=\"elementor-post__excerpt\">\n\t\t\t<p>Wir m\u00f6chten einen besonderen Unterst\u00fctzer unterst\u00fctzen&#8230;<\/p>\n\t\t<\/div>\n\t\t\t\t<\/div>\n\t\t\t\t<\/article>\n\t\t\t\t<\/div>\n\n\n\t\t\n\t\t\t\t<div class=\"e-load-more-anchor\" data-page=\"1\" data-max-page=\"6\"><\/div>\n\t\t\t\t<nav class=\"elementor-pagination\" role=\"navigation\" aria-label=\"Pagination\">\n\t\t\t<span class=\"page-numbers prev\">\u21e0<\/span>\n<span aria-current=\"page\" class=\"page-numbers current\"><span class=\"elementor-screen-only\">Page<\/span>1<\/span>\n<a class=\"page-numbers\" href=\"https:\/\/leonandfriends.org\/en\/wp-json\/wp\/v2\/pages\/2253\/page\/2\/\"><span class=\"elementor-screen-only\">Page<\/span>2<\/a>\n<a class=\"page-numbers\" href=\"https:\/\/leonandfriends.org\/en\/wp-json\/wp\/v2\/pages\/2253\/page\/3\/\"><span class=\"elementor-screen-only\">Page<\/span>3<\/a>\n<span class=\"page-numbers dots\">&hellip;<\/span>\n<a class=\"page-numbers\" href=\"https:\/\/leonandfriends.org\/en\/wp-json\/wp\/v2\/pages\/2253\/page\/5\/\"><span class=\"elementor-screen-only\">Page<\/span>5<\/a>\n<a class=\"page-numbers next\" href=\"https:\/\/leonandfriends.org\/en\/wp-json\/wp\/v2\/pages\/2253\/page\/2\/\">\u21e2<\/a>\t\t<\/nav>\n\t\t\t\t<\/div>\n\t\t\t\t<\/div>\n\t\t\t\t\t\t<\/div>\n\t\t\t\t\t<\/div>\n\t\t<\/div>\n\t\t\t\t<div class=\"elementor-column elementor-col-50 elementor-top-column elementor-element elementor-element-07c265c\" data-id=\"07c265c\" data-element_type=\"column\">\n\t\t\t<div class=\"elementor-column-wrap\">\n\t\t\t\t\t\t\t<div class=\"elementor-widget-wrap\">\n\t\t\t\t\t\t\t\t<\/div>\n\t\t\t\t\t<\/div>\n\t\t<\/div>\n\t\t\t\t\t\t\t\t<\/div>\n\t\t\t\t\t<\/div>\n\t\t<\/section>\n\t\t\t\t\t\t<\/div>\n\t\t\t\t\t\t<\/div>\n\t\t\t\t\t<\/div>","protected":false},"excerpt":{"rendered":"<p>News &#038; Updates<\/p>","protected":false},"author":1,"featured_media":0,"parent":0,"menu_order":0,"comment_status":"closed","ping_status":"closed","template":"elementor_header_footer","meta":{"spay_email":""},"yoast_head":"<!-- This site is optimized with the Yoast SEO plugin v17.2 - https:\/\/yoast.com\/wordpress\/plugins\/seo\/ -->\n<title>Aktuelles - Leon &amp; Friends e.V.<\/title>\n<meta name=\"robots\" content=\"index, follow, max-snippet:-1, max-image-preview:large, max-video-preview:-1\" \/>\n<link rel=\"canonical\" href=\"https:\/\/leonandfriends.org\/en\/aktuelles-2\/\" \/>\n<meta property=\"og:locale\" content=\"en_US\" \/>\n<meta property=\"og:type\" content=\"article\" \/>\n<meta property=\"og:title\" content=\"Aktuelles - Leon &amp; Friends e.V.\" \/>\n<meta property=\"og:description\" content=\"News &#038; Updates\" \/>\n<meta property=\"og:url\" content=\"https:\/\/leonandfriends.org\/en\/aktuelles-2\/\" \/>\n<meta property=\"og:site_name\" content=\"Leon &amp; Friends e.V.\" \/>\n<meta property=\"article:modified_time\" content=\"2023-03-01T10:25:04+00:00\" \/>\n<meta name=\"twitter:card\" content=\"summary_large_image\" \/>\n<meta name=\"twitter:label1\" content=\"Est. reading time\" \/>\n\t<meta name=\"twitter:data1\" content=\"3 minutes\" \/>\n<script type=\"application\/ld+json\" class=\"yoast-schema-graph\">{\"@context\":\"https:\/\/schema.org\",\"@graph\":[{\"@type\":\"WebSite\",\"@id\":\"https:\/\/leonandfriends.org\/#website\",\"url\":\"https:\/\/leonandfriends.org\/\",\"name\":\"Leon &amp; Friends e.V.\",\"description\":\"Unterstu\\u0308tzen Sie uns bei der Erforschung seltener Gendefekte und beim Kampf gegen das unheilbare Syngap-Syndrom\",\"potentialAction\":[{\"@type\":\"SearchAction\",\"target\":{\"@type\":\"EntryPoint\",\"urlTemplate\":\"https:\/\/leonandfriends.org\/?s={search_term_string}\"},\"query-input\":\"required name=search_term_string\"}],\"inLanguage\":\"en-US\"},{\"@type\":\"WebPage\",\"@id\":\"https:\/\/leonandfriends.org\/aktuelles-2\/#webpage\",\"url\":\"https:\/\/leonandfriends.org\/aktuelles-2\/\",\"name\":\"Aktuelles - Leon &amp; Friends e.V.\",\"isPartOf\":{\"@id\":\"https:\/\/leonandfriends.org\/#website\"},\"datePublished\":\"2020-11-16T09:44:43+00:00\",\"dateModified\":\"2023-03-01T10:25:04+00:00\",\"breadcrumb\":{\"@id\":\"https:\/\/leonandfriends.org\/aktuelles-2\/#breadcrumb\"},\"inLanguage\":\"en-US\",\"potentialAction\":[{\"@type\":\"ReadAction\",\"target\":[\"https:\/\/leonandfriends.org\/aktuelles-2\/\"]}]},{\"@type\":\"BreadcrumbList\",\"@id\":\"https:\/\/leonandfriends.org\/aktuelles-2\/#breadcrumb\",\"itemListElement\":[{\"@type\":\"ListItem\",\"position\":1,\"name\":\"Startseite\",\"item\":\"https:\/\/leonandfriends.org\/\"},{\"@type\":\"ListItem\",\"position\":2,\"name\":\"Aktuelles\"}]}]}<\/script>\n<!-- \/ Yoast SEO plugin. -->","yoast_head_json":{"title":"Aktuelles - Leon &amp; Friends e.V.","robots":{"index":"index","follow":"follow","max-snippet":"max-snippet:-1","max-image-preview":"max-image-preview:large","max-video-preview":"max-video-preview:-1"},"canonical":"https:\/\/leonandfriends.org\/en\/aktuelles-2\/","og_locale":"en_US","og_type":"article","og_title":"Aktuelles - Leon &amp; Friends e.V.","og_description":"News &#038; Updates","og_url":"https:\/\/leonandfriends.org\/en\/aktuelles-2\/","og_site_name":"Leon &amp; Friends e.V.","article_modified_time":"2023-03-01T10:25:04+00:00","twitter_card":"summary_large_image","twitter_misc":{"Est. reading time":"3 minutes"},"schema":{"@context":"https:\/\/schema.org","@graph":[{"@type":"WebSite","@id":"https:\/\/leonandfriends.org\/#website","url":"https:\/\/leonandfriends.org\/","name":"Leon &amp; Friends e.V.","description":"Unterstu\u0308tzen Sie uns bei der Erforschung seltener Gendefekte und beim Kampf gegen das unheilbare Syngap-Syndrom","potentialAction":[{"@type":"SearchAction","target":{"@type":"EntryPoint","urlTemplate":"https:\/\/leonandfriends.org\/?s={search_term_string}"},"query-input":"required name=search_term_string"}],"inLanguage":"en-US"},{"@type":"WebPage","@id":"https:\/\/leonandfriends.org\/aktuelles-2\/#webpage","url":"https:\/\/leonandfriends.org\/aktuelles-2\/","name":"Aktuelles - Leon &amp; Friends e.V.","isPartOf":{"@id":"https:\/\/leonandfriends.org\/#website"},"datePublished":"2020-11-16T09:44:43+00:00","dateModified":"2023-03-01T10:25:04+00:00","breadcrumb":{"@id":"https:\/\/leonandfriends.org\/aktuelles-2\/#breadcrumb"},"inLanguage":"en-US","potentialAction":[{"@type":"ReadAction","target":["https:\/\/leonandfriends.org\/aktuelles-2\/"]}]},{"@type":"BreadcrumbList","@id":"https:\/\/leonandfriends.org\/aktuelles-2\/#breadcrumb","itemListElement":[{"@type":"ListItem","position":1,"name":"Startseite","item":"https:\/\/leonandfriends.org\/"},{"@type":"ListItem","position":2,"name":"Aktuelles"}]}]}},"jetpack_sharing_enabled":true,"jetpack_shortlink":"https:\/\/wp.me\/PapVdp-Al","_links":{"self":[{"href":"https:\/\/leonandfriends.org\/en\/wp-json\/wp\/v2\/pages\/2253"}],"collection":[{"href":"https:\/\/leonandfriends.org\/en\/wp-json\/wp\/v2\/pages"}],"about":[{"href":"https:\/\/leonandfriends.org\/en\/wp-json\/wp\/v2\/types\/page"}],"author":[{"embeddable":true,"href":"https:\/\/leonandfriends.org\/en\/wp-json\/wp\/v2\/users\/1"}],"replies":[{"embeddable":true,"href":"https:\/\/leonandfriends.org\/en\/wp-json\/wp\/v2\/comments?post=2253"}],"version-history":[{"count":10,"href":"https:\/\/leonandfriends.org\/en\/wp-json\/wp\/v2\/pages\/2253\/revisions"}],"predecessor-version":[{"id":3729,"href":"https:\/\/leonandfriends.org\/en\/wp-json\/wp\/v2\/pages\/2253\/revisions\/3729"}],"wp:attachment":[{"href":"https:\/\/leonandfriends.org\/en\/wp-json\/wp\/v2\/media?parent=2253"}],"curies":[{"name":"wp","href":"https:\/\/api.w.org\/{rel}","templated":true}]}}